{"id":2687,"date":"2025-01-03T13:20:20","date_gmt":"2025-01-03T12:20:20","guid":{"rendered":"https:\/\/dev.helixshc.com\/why-helix\/zoe-vermeulen\/"},"modified":"2025-01-24T15:38:22","modified_gmt":"2025-01-24T14:38:22","slug":"zoe-vermeulen","status":"publish","type":"page","link":"https:\/\/helixshc.com\/en\/why-helix\/zoe-vermeulen\/","title":{"rendered":"Zo\u00eb Vermeulen"},"content":{"rendered":"\t\t<div data-elementor-type=\"wp-page\" data-elementor-id=\"2687\" class=\"elementor elementor-2687 elementor-2354\" data-elementor-post-type=\"page\">\n\t\t\t\t<div class=\"elementor-element elementor-element-f59b5ee e-flex e-con-boxed e-con e-parent\" data-id=\"f59b5ee\" data-element_type=\"container\">\n\t\t\t\t\t<div class=\"e-con-inner\">\n\t\t<div class=\"elementor-element elementor-element-6c9830a e-con-full e-flex e-con e-child\" data-id=\"6c9830a\" data-element_type=\"container\">\n\t\t\t\t<div class=\"elementor-element elementor-element-8647f3e elementor-widget__width-initial elementor-widget elementor-widget-image\" data-id=\"8647f3e\" data-element_type=\"widget\" data-widget_type=\"image.default\">\n\t\t\t\t<div class=\"elementor-widget-container\">\n\t\t\t\t\t\t\t\t\t\t\t\t\t\t\t<img fetchpriority=\"high\" decoding=\"async\" width=\"728\" height=\"1024\" src=\"https:\/\/helixshc.com\/wp-content\/uploads\/Zoe-728x1024.jpg\" class=\"attachment-large size-large wp-image-2288\" alt=\"\" srcset=\"https:\/\/helixshc.com\/wp-content\/uploads\/Zoe-728x1024.jpg 728w, https:\/\/helixshc.com\/wp-content\/uploads\/Zoe-213x300.jpg 213w, https:\/\/helixshc.com\/wp-content\/uploads\/Zoe-768x1080.jpg 768w, https:\/\/helixshc.com\/wp-content\/uploads\/Zoe.jpg 800w\" sizes=\"(max-width: 728px) 100vw, 728px\" \/>\t\t\t\t\t\t\t\t\t\t\t\t\t\t\t<\/div>\n\t\t\t\t<\/div>\n\t\t\t\t<\/div>\n\t\t<div class=\"elementor-element elementor-element-dcc0836 e-con-full e-flex e-con e-child\" data-id=\"dcc0836\" data-element_type=\"container\">\n\t\t\t\t<div class=\"elementor-element elementor-element-d7efc64 elementor-widget elementor-widget-heading\" data-id=\"d7efc64\" data-element_type=\"widget\" data-widget_type=\"heading.default\">\n\t\t\t\t<div class=\"elementor-widget-container\">\n\t\t\t\t\t<h1 class=\"elementor-heading-title elementor-size-default\">Zo\u00eb Vermeulen<\/h1>\t\t\t\t<\/div>\n\t\t\t\t<\/div>\n\t\t\t\t<div class=\"elementor-element elementor-element-f2fbebb elementor-widget elementor-widget-text-editor\" data-id=\"f2fbebb\" data-element_type=\"widget\" data-widget_type=\"text-editor.default\">\n\t\t\t\t<div class=\"elementor-widget-container\">\n\t\t\t\t\t\t\t\t\t<p>Hi everyone!<br \/>My name is Zo\u00eb, I am 22 years old, I live in Terheijden and I will finish my physiotherapy studies at Avans in Breda this year. You may have seen me walking around, because I am the newest addition to Helix. I look forward to becoming more and more involved with this super fun team and with the large group of athletes who train with us.   <\/p>\n<p>In my role at Helix, I am determined to combine my knowledge of physiotherapy with my love of sports and making progress in health goals. I am very much looking forward to meeting more of you and working together to create a healthy active lifestyle for everyone.<br \/>Feel free to come and chat with me, I would love that.  <\/p>\n<p>See you soon at Helix!<\/p>\n\t\t\t\t\t\t\t\t<\/div>\n\t\t\t\t<\/div>\n\t\t\t\t<\/div>\n\t\t\t\t\t<\/div>\n\t\t\t\t<\/div>\n\t\t\t\t<\/div>\n\t\t","protected":false},"excerpt":{"rendered":"<p>Zo\u00eb Vermeulen Hi everyone!My name is Zo\u00eb, I am 22 years old, I live in Terheijden and I will finish my physiotherapy studies at Avans in Breda this year. You may have seen me walking around, because I am the newest addition to Helix. I look forward to becoming more and more involved with this [&hellip;]<\/p>\n","protected":false},"author":2,"featured_media":0,"parent":1907,"menu_order":0,"comment_status":"closed","ping_status":"closed","template":"","meta":{"footnotes":""},"class_list":["post-2687","page","type-page","status-publish","hentry"],"yoast_head":"<!-- This site is optimized with the Yoast SEO plugin v26.1.1 - https:\/\/yoast.com\/wordpress\/plugins\/seo\/ -->\n<title>Zo\u00eb Vermeulen - Helix Sports &amp; Health Coaching<\/title>\n<meta name=\"robots\" content=\"index, follow, max-snippet:-1, max-image-preview:large, max-video-preview:-1\" \/>\n<link rel=\"canonical\" href=\"https:\/\/helixshc.com\/en\/why-helix\/zoe-vermeulen\/\" \/>\n<meta property=\"og:locale\" content=\"en_US\" \/>\n<meta property=\"og:type\" content=\"article\" \/>\n<meta property=\"og:title\" content=\"Zo\u00eb Vermeulen - Helix Sports &amp; Health Coaching\" \/>\n<meta property=\"og:description\" content=\"Zo\u00eb Vermeulen Hi everyone!My name is Zo\u00eb, I am 22 years old, I live in Terheijden and I will finish my physiotherapy studies at Avans in Breda this year. You may have seen me walking around, because I am the newest addition to Helix. I look forward to becoming more and more involved with this [&hellip;]\" \/>\n<meta property=\"og:url\" content=\"https:\/\/helixshc.com\/en\/why-helix\/zoe-vermeulen\/\" \/>\n<meta property=\"og:site_name\" content=\"Helix Sports &amp; Health Coaching\" \/>\n<meta property=\"article:modified_time\" content=\"2025-01-24T14:38:22+00:00\" \/>\n<meta property=\"og:image\" content=\"https:\/\/dev.helixshc.com\/wp-content\/uploads\/Zoe-728x1024.jpg\" \/>\n<meta name=\"twitter:card\" content=\"summary_large_image\" \/>\n<meta name=\"twitter:label1\" content=\"Est. reading time\" \/>\n\t<meta name=\"twitter:data1\" content=\"1 minute\" \/>\n<script type=\"application\/ld+json\" class=\"yoast-schema-graph\">{\"@context\":\"https:\/\/schema.org\",\"@graph\":[{\"@type\":\"WebPage\",\"@id\":\"https:\/\/helixshc.com\/en\/why-helix\/zoe-vermeulen\/\",\"url\":\"https:\/\/helixshc.com\/en\/why-helix\/zoe-vermeulen\/\",\"name\":\"Zo\u00eb Vermeulen - Helix Sports &amp; Health Coaching\",\"isPartOf\":{\"@id\":\"https:\/\/helixshc.com\/en\/#website\"},\"primaryImageOfPage\":{\"@id\":\"https:\/\/helixshc.com\/en\/why-helix\/zoe-vermeulen\/#primaryimage\"},\"image\":{\"@id\":\"https:\/\/helixshc.com\/en\/why-helix\/zoe-vermeulen\/#primaryimage\"},\"thumbnailUrl\":\"https:\/\/dev.helixshc.com\/wp-content\/uploads\/Zoe-728x1024.jpg\",\"datePublished\":\"2025-01-03T12:20:20+00:00\",\"dateModified\":\"2025-01-24T14:38:22+00:00\",\"breadcrumb\":{\"@id\":\"https:\/\/helixshc.com\/en\/why-helix\/zoe-vermeulen\/#breadcrumb\"},\"inLanguage\":\"en-US\",\"potentialAction\":[{\"@type\":\"ReadAction\",\"target\":[\"https:\/\/helixshc.com\/en\/why-helix\/zoe-vermeulen\/\"]}]},{\"@type\":\"ImageObject\",\"inLanguage\":\"en-US\",\"@id\":\"https:\/\/helixshc.com\/en\/why-helix\/zoe-vermeulen\/#primaryimage\",\"url\":\"https:\/\/dev.helixshc.com\/wp-content\/uploads\/Zoe-728x1024.jpg\",\"contentUrl\":\"https:\/\/dev.helixshc.com\/wp-content\/uploads\/Zoe-728x1024.jpg\"},{\"@type\":\"BreadcrumbList\",\"@id\":\"https:\/\/helixshc.com\/en\/why-helix\/zoe-vermeulen\/#breadcrumb\",\"itemListElement\":[{\"@type\":\"ListItem\",\"position\":1,\"name\":\"Home\",\"item\":\"https:\/\/helixshc.com\/en\/helix-physio\/\"},{\"@type\":\"ListItem\",\"position\":2,\"name\":\"About us\",\"item\":\"https:\/\/helixshc.com\/en\/why-helix\/\"},{\"@type\":\"ListItem\",\"position\":3,\"name\":\"Zo\u00eb Vermeulen\"}]},{\"@type\":\"WebSite\",\"@id\":\"https:\/\/helixshc.com\/en\/#website\",\"url\":\"https:\/\/helixshc.com\/en\/\",\"name\":\"Helix Sports &amp; Health Coaching\",\"description\":\"Fitter, sterker &amp; sneller!\",\"publisher\":{\"@id\":\"https:\/\/helixshc.com\/en\/#organization\"},\"potentialAction\":[{\"@type\":\"SearchAction\",\"target\":{\"@type\":\"EntryPoint\",\"urlTemplate\":\"https:\/\/helixshc.com\/en\/?s={search_term_string}\"},\"query-input\":{\"@type\":\"PropertyValueSpecification\",\"valueRequired\":true,\"valueName\":\"search_term_string\"}}],\"inLanguage\":\"en-US\"},{\"@type\":\"Organization\",\"@id\":\"https:\/\/helixshc.com\/en\/#organization\",\"name\":\"Helix Sports &amp; Health Coaching\",\"url\":\"https:\/\/helixshc.com\/en\/\",\"logo\":{\"@type\":\"ImageObject\",\"inLanguage\":\"en-US\",\"@id\":\"https:\/\/helixshc.com\/en\/#\/schema\/logo\/image\/\",\"url\":\"https:\/\/helixshc.com\/wp-content\/uploads\/Helix-SHC-logo-SVG-Wit.svg\",\"contentUrl\":\"https:\/\/helixshc.com\/wp-content\/uploads\/Helix-SHC-logo-SVG-Wit.svg\",\"width\":258,\"height\":101,\"caption\":\"Helix Sports &amp; Health Coaching\"},\"image\":{\"@id\":\"https:\/\/helixshc.com\/en\/#\/schema\/logo\/image\/\"}}]}<\/script>\n<!-- \/ Yoast SEO plugin. -->","yoast_head_json":{"title":"Zo\u00eb Vermeulen - Helix Sports &amp; Health Coaching","robots":{"index":"index","follow":"follow","max-snippet":"max-snippet:-1","max-image-preview":"max-image-preview:large","max-video-preview":"max-video-preview:-1"},"canonical":"https:\/\/helixshc.com\/en\/why-helix\/zoe-vermeulen\/","og_locale":"en_US","og_type":"article","og_title":"Zo\u00eb Vermeulen - Helix Sports &amp; Health Coaching","og_description":"Zo\u00eb Vermeulen Hi everyone!My name is Zo\u00eb, I am 22 years old, I live in Terheijden and I will finish my physiotherapy studies at Avans in Breda this year. You may have seen me walking around, because I am the newest addition to Helix. I look forward to becoming more and more involved with this [&hellip;]","og_url":"https:\/\/helixshc.com\/en\/why-helix\/zoe-vermeulen\/","og_site_name":"Helix Sports &amp; Health Coaching","article_modified_time":"2025-01-24T14:38:22+00:00","og_image":[{"url":"https:\/\/dev.helixshc.com\/wp-content\/uploads\/Zoe-728x1024.jpg","type":"","width":"","height":""}],"twitter_card":"summary_large_image","twitter_misc":{"Est. reading time":"1 minute"},"schema":{"@context":"https:\/\/schema.org","@graph":[{"@type":"WebPage","@id":"https:\/\/helixshc.com\/en\/why-helix\/zoe-vermeulen\/","url":"https:\/\/helixshc.com\/en\/why-helix\/zoe-vermeulen\/","name":"Zo\u00eb Vermeulen - Helix Sports &amp; Health Coaching","isPartOf":{"@id":"https:\/\/helixshc.com\/en\/#website"},"primaryImageOfPage":{"@id":"https:\/\/helixshc.com\/en\/why-helix\/zoe-vermeulen\/#primaryimage"},"image":{"@id":"https:\/\/helixshc.com\/en\/why-helix\/zoe-vermeulen\/#primaryimage"},"thumbnailUrl":"https:\/\/dev.helixshc.com\/wp-content\/uploads\/Zoe-728x1024.jpg","datePublished":"2025-01-03T12:20:20+00:00","dateModified":"2025-01-24T14:38:22+00:00","breadcrumb":{"@id":"https:\/\/helixshc.com\/en\/why-helix\/zoe-vermeulen\/#breadcrumb"},"inLanguage":"en-US","potentialAction":[{"@type":"ReadAction","target":["https:\/\/helixshc.com\/en\/why-helix\/zoe-vermeulen\/"]}]},{"@type":"ImageObject","inLanguage":"en-US","@id":"https:\/\/helixshc.com\/en\/why-helix\/zoe-vermeulen\/#primaryimage","url":"https:\/\/dev.helixshc.com\/wp-content\/uploads\/Zoe-728x1024.jpg","contentUrl":"https:\/\/dev.helixshc.com\/wp-content\/uploads\/Zoe-728x1024.jpg"},{"@type":"BreadcrumbList","@id":"https:\/\/helixshc.com\/en\/why-helix\/zoe-vermeulen\/#breadcrumb","itemListElement":[{"@type":"ListItem","position":1,"name":"Home","item":"https:\/\/helixshc.com\/en\/helix-physio\/"},{"@type":"ListItem","position":2,"name":"About us","item":"https:\/\/helixshc.com\/en\/why-helix\/"},{"@type":"ListItem","position":3,"name":"Zo\u00eb Vermeulen"}]},{"@type":"WebSite","@id":"https:\/\/helixshc.com\/en\/#website","url":"https:\/\/helixshc.com\/en\/","name":"Helix Sports &amp; Health Coaching","description":"Fitter, sterker &amp; sneller!","publisher":{"@id":"https:\/\/helixshc.com\/en\/#organization"},"potentialAction":[{"@type":"SearchAction","target":{"@type":"EntryPoint","urlTemplate":"https:\/\/helixshc.com\/en\/?s={search_term_string}"},"query-input":{"@type":"PropertyValueSpecification","valueRequired":true,"valueName":"search_term_string"}}],"inLanguage":"en-US"},{"@type":"Organization","@id":"https:\/\/helixshc.com\/en\/#organization","name":"Helix Sports &amp; Health Coaching","url":"https:\/\/helixshc.com\/en\/","logo":{"@type":"ImageObject","inLanguage":"en-US","@id":"https:\/\/helixshc.com\/en\/#\/schema\/logo\/image\/","url":"https:\/\/helixshc.com\/wp-content\/uploads\/Helix-SHC-logo-SVG-Wit.svg","contentUrl":"https:\/\/helixshc.com\/wp-content\/uploads\/Helix-SHC-logo-SVG-Wit.svg","width":258,"height":101,"caption":"Helix Sports &amp; Health Coaching"},"image":{"@id":"https:\/\/helixshc.com\/en\/#\/schema\/logo\/image\/"}}]}},"_links":{"self":[{"href":"https:\/\/helixshc.com\/en\/wp-json\/wp\/v2\/pages\/2687","targetHints":{"allow":["GET"]}}],"collection":[{"href":"https:\/\/helixshc.com\/en\/wp-json\/wp\/v2\/pages"}],"about":[{"href":"https:\/\/helixshc.com\/en\/wp-json\/wp\/v2\/types\/page"}],"author":[{"embeddable":true,"href":"https:\/\/helixshc.com\/en\/wp-json\/wp\/v2\/users\/2"}],"replies":[{"embeddable":true,"href":"https:\/\/helixshc.com\/en\/wp-json\/wp\/v2\/comments?post=2687"}],"version-history":[{"count":1,"href":"https:\/\/helixshc.com\/en\/wp-json\/wp\/v2\/pages\/2687\/revisions"}],"predecessor-version":[{"id":2688,"href":"https:\/\/helixshc.com\/en\/wp-json\/wp\/v2\/pages\/2687\/revisions\/2688"}],"up":[{"embeddable":true,"href":"https:\/\/helixshc.com\/en\/wp-json\/wp\/v2\/pages\/1907"}],"wp:attachment":[{"href":"https:\/\/helixshc.com\/en\/wp-json\/wp\/v2\/media?parent=2687"}],"curies":[{"name":"wp","href":"https:\/\/api.w.org\/{rel}","templated":true}]}}